{"id":26,"date":"2020-02-18T23:21:59","date_gmt":"2020-02-18T23:21:59","guid":{"rendered":"http:\/\/uni.hi.is\/unnurk\/?page_id=26"},"modified":"2020-02-19T17:23:03","modified_gmt":"2020-02-19T17:23:03","slug":"oraefahjordin","status":"publish","type":"page","link":"https:\/\/uni.hi.is\/unnurk\/fraedirit\/oraefahjordin\/","title":{"rendered":"\u00d6r\u00e6fahj\u00f6r\u00f0in"},"content":{"rendered":"<div class=\"_2cuy _3dgx _2vxa\">B\u00f3kin <em><span class=\"_4yxp\">\u00d6r\u00e6fahj\u00f6r\u00f0in. Saga hreind\u00fdra \u00e1 \u00cdslandi<\/span> <\/em>kom \u00fat \u00ed okt\u00f3ber 2019. Flestar lj\u00f3smyndir \u00ed b\u00f3kinni eru eftir Skarph\u00e9\u00f0inn G. \u00de\u00f3risson l\u00edffr\u00e6\u00f0ing og s\u00e9rfr\u00e6\u00f0ing hj\u00e1 N\u00e1tt\u00farustofu Austurlands. \u00datgefandi er S\u00f6guf\u00e9lag.<\/div>\n<div><\/div>\n<div class=\"_2cuy _3dgx _2vxa\">B\u00f3kin er afrakstur ranns\u00f3knar sem \u00e9g vann a\u00f0 \u00e1 Austurlandi \u00e1 \u00e1runum 2015-2019. \u00cd henni er rakin saga hreind\u00fdra \u00e1 \u00cdslandi fr\u00e1 \u00fev\u00ed \u00feau voru flutt til landsins \u00e1 seinni hluta 18. aldar til dagsins \u00ed dag. B\u00f3kin er hugmyndasaga sem fjallar jafnt um hreind\u00fdrin sj\u00e1lf og vi\u00f0horf landsmanna til \u00feeirra. Fjalla\u00f0 er um l\u00edfsbar\u00e1ttu hreind\u00fdra, vei\u00f0ifer\u00f0ir fyrr og s\u00ed\u00f0ar, deilur um hreind\u00fdr og drauma um hreind\u00fdrab\u00faskap. Fjalla\u00f0 er um samb\u00fa\u00f0 manna og hreind\u00fdra \u00e1 Austurlandi en einnig \u00e1 Reykjanesi og \u00ed \u00deingeyjars\u00fdslu.<\/div>\n<div><\/div>\n<div><\/div>\n<div>\n<div id=\"attachment_44\" style=\"width: 240px\" class=\"wp-caption alignnone\"><img loading=\"lazy\" decoding=\"async\" aria-describedby=\"caption-attachment-44\" class=\"size-medium wp-image-44\" src=\"http:\/\/uni.hi.is\/unnurk\/files\/2020\/02\/Sogufelag-Oraefahjordin-230x300.jpg\" alt=\"\" width=\"230\" height=\"300\" srcset=\"https:\/\/uni.hi.is\/unnurk\/files\/2020\/02\/Sogufelag-Oraefahjordin-230x300.jpg 230w, https:\/\/uni.hi.is\/unnurk\/files\/2020\/02\/Sogufelag-Oraefahjordin.jpg 626w\" sizes=\"auto, (max-width: 230px) 100vw, 230px\" \/><p id=\"caption-attachment-44\" class=\"wp-caption-text\">\u00d6r\u00e6fahj\u00f6r\u00f0in. Saga hreind\u00fdra \u00e1 \u00cdslandi<\/p><\/div>\n<\/div>\n","protected":false},"excerpt":{"rendered":"<p>B\u00f3kin \u00d6r\u00e6fahj\u00f6r\u00f0in. Saga hreind\u00fdra \u00e1 \u00cdslandi kom \u00fat \u00ed okt\u00f3ber 2019. Flestar lj\u00f3smyndir \u00ed b\u00f3kinni eru eftir Skarph\u00e9\u00f0inn G. \u00de\u00f3risson l\u00edffr\u00e6\u00f0ing og s\u00e9rfr\u00e6\u00f0ing hj\u00e1 N\u00e1tt\u00farustofu Austurlands. \u00datgefandi er S\u00f6guf\u00e9lag. B\u00f3kin er afrakstur ranns\u00f3knar sem \u00e9g vann a\u00f0 \u00e1 Austurlandi \u00e1 &hellip; <a href=\"https:\/\/uni.hi.is\/unnurk\/fraedirit\/oraefahjordin\/\">Halda \u00e1fram a\u00f0 lesa <span class=\"meta-nav\">&rarr;<\/span><\/a><\/p>\n","protected":false},"author":1539,"featured_media":44,"parent":20,"menu_order":1,"comment_status":"open","ping_status":"closed","template":"","meta":{"footnotes":""},"class_list":["post-26","page","type-page","status-publish","has-post-thumbnail","hentry"],"_links":{"self":[{"href":"https:\/\/uni.hi.is\/unnurk\/wp-json\/wp\/v2\/pages\/26","targetHints":{"allow":["GET"]}}],"collection":[{"href":"https:\/\/uni.hi.is\/unnurk\/wp-json\/wp\/v2\/pages"}],"about":[{"href":"https:\/\/uni.hi.is\/unnurk\/wp-json\/wp\/v2\/types\/page"}],"author":[{"embeddable":true,"href":"https:\/\/uni.hi.is\/unnurk\/wp-json\/wp\/v2\/users\/1539"}],"replies":[{"embeddable":true,"href":"https:\/\/uni.hi.is\/unnurk\/wp-json\/wp\/v2\/comments?post=26"}],"version-history":[{"count":6,"href":"https:\/\/uni.hi.is\/unnurk\/wp-json\/wp\/v2\/pages\/26\/revisions"}],"predecessor-version":[{"id":205,"href":"https:\/\/uni.hi.is\/unnurk\/wp-json\/wp\/v2\/pages\/26\/revisions\/205"}],"up":[{"embeddable":true,"href":"https:\/\/uni.hi.is\/unnurk\/wp-json\/wp\/v2\/pages\/20"}],"wp:featuredmedia":[{"embeddable":true,"href":"https:\/\/uni.hi.is\/unnurk\/wp-json\/wp\/v2\/media\/44"}],"wp:attachment":[{"href":"https:\/\/uni.hi.is\/unnurk\/wp-json\/wp\/v2\/media?parent=26"}],"curies":[{"name":"wp","href":"https:\/\/api.w.org\/{rel}","templated":true}]}}