{"id":28,"date":"2020-02-18T23:29:58","date_gmt":"2020-02-18T23:29:58","guid":{"rendered":"http:\/\/uni.hi.is\/unnurk\/?page_id=28"},"modified":"2020-03-25T23:44:39","modified_gmt":"2020-03-25T23:44:39","slug":"skaldsogur","status":"publish","type":"page","link":"https:\/\/uni.hi.is\/unnurk\/skaldsogur\/","title":{"rendered":"Sk\u00e1ldverk"},"content":{"rendered":"<p>Sm\u00e1saga<\/p>\n<h1>\"Launs\u00e1tur minningar\"<\/h1>\n<p>N\u00f3vember dag einn \u00e1ri\u00f0 2017 f\u00e9kk \u00e9g t\u00f6lvup\u00f3st fr\u00e1 ritstj\u00f3ra Iceview. T\u00edmariti um \u00edslenska menningu og listir (sj\u00e1 t.d.: <a href=\"https:\/\/ktbrowne.com\/iceviewmagazine\">https:\/\/ktbrowne.com\/iceviewmagazine<\/a> ). Erindi\u00f0 var a\u00f0 spyrja hvort \u00e9g \u00e6tti efni, pr\u00f3sa \u00ed riti\u00f0 sem birtast \u00e1tti \u00e1 \u00e1rinu 2018. \u00c9g \u00fatbj\u00f3 sem sm\u00e1s\u00f6gu texta sem \u00e9g \u00e1tti \u00ed handra\u00f0anum af \u00fev\u00ed a\u00f0 \u00e9g haf\u00f0i ekki t\u00f6k \u00e1 \u00feessum t\u00edmapunkti til a\u00f0 b\u00faa til eitthva\u00f0 alveg n\u00fdtt til a\u00f0 n\u00e1 a\u00f0 senda \u00feeim t\u00edmanlega, enda \u00e1 kafi \u00ed vinnu \u00e1 \u00feessum t\u00edma \u00ed krefjandi fr\u00e6\u00f0ist\u00f6rfum. \u00c9g sendi \u00feeim sm\u00e1s\u00f6guna og \u00fea\u00f0 er skemmst fr\u00e1 \u00fev\u00ed a\u00f0 segja a\u00f0 h\u00fan f\u00e9kk g\u00f3\u00f0ar vi\u00f0t\u00f6kur hj\u00e1 \u00feeim sem unnu a\u00f0 \u00feessu skemmtilega tv\u00edm\u00e1la t\u00edmariti, \u00fear sem efni er birt b\u00e6\u00f0i \u00e1 \u00edslensku og ensku. \u00cd \u00feessari s\u00f6gu vinn \u00e9g me\u00f0 \u00feema sem m\u00e9r er hugleiki\u00f0, \u00fe.e. minningar og hvernig \u00fe\u00e6r geta sprotti\u00f0 upp ef eitthva\u00f0 e\u00f0a einhver \u00ed umhverfinu vekur \u00fe\u00e6r upp \u00far \u00f3minnishafinu sem vi\u00f0 notum og beitum me\u00f0vita\u00f0 og \u00f3me\u00f0vita\u00f0 til a\u00f0 komast af og \u00ed gegnum l\u00edfi\u00f0, ekki s\u00edst \u00feegar m\u00e1li\u00f0 sn\u00fdst um erfi\u00f0a l\u00edfsreynslu, og kallast gleymska. En sumt gleymist ekki heldur geymist, og \u00feegar vi\u00f0 m\u00e6tum \u00fev\u00ed getur l\u00edfi\u00f0 or\u00f0i\u00f0 sm\u00e1 sn\u00fai\u00f0 \u00ed dagstund e\u00f0a svo og jafnvel lengur, og \u00fe\u00e1 er listin a\u00f0 kunna e\u00f0a a\u00f0 minnsta kosti a\u00f0 reyna a\u00f0 breg\u00f0ast vi\u00f0 me\u00f0 \u00feeim h\u00e6tti a\u00f0 ska\u00f0inn s\u00e9 sem minnstur af s\u00e1rsauka \u00feeim sem l\u00edfsreynslan sem munstru\u00f0 er \u00ed minninguna getur valdi\u00f0, ef vi\u00f0 veitum ekki vi\u00f0n\u00e1m.<\/p>\n<div id=\"attachment_253\" style=\"width: 310px\" class=\"wp-caption alignnone\"><img loading=\"lazy\" decoding=\"async\" aria-describedby=\"caption-attachment-253\" class=\"wp-image-253 size-medium\" src=\"http:\/\/uni.hi.is\/unnurk\/files\/2020\/02\/Sm\u00e1sagan-300x209.jpg\" alt=\"\" width=\"300\" height=\"209\" srcset=\"https:\/\/uni.hi.is\/unnurk\/files\/2020\/02\/Sm\u00e1sagan-300x209.jpg 300w, https:\/\/uni.hi.is\/unnurk\/files\/2020\/02\/Sm\u00e1sagan-1024x713.jpg 1024w, https:\/\/uni.hi.is\/unnurk\/files\/2020\/02\/Sm\u00e1sagan-768x535.jpg 768w, https:\/\/uni.hi.is\/unnurk\/files\/2020\/02\/Sm\u00e1sagan-1536x1070.jpg 1536w, https:\/\/uni.hi.is\/unnurk\/files\/2020\/02\/Sm\u00e1sagan.jpg 2048w\" sizes=\"auto, (max-width: 300px) 100vw, 300px\" \/><p id=\"caption-attachment-253\" class=\"wp-caption-text\">\"Launs\u00e1tur minningar\" Iceview. T\u00edmarit um b\u00f3kmenntir og listir \u00e1 \u00cdslandi, 3 (2018), bls. 80-88. Mynd UBK, 2018<\/p><\/div>\n<p>&nbsp;<\/p>\n<p>Sk\u00e1ldsaga<\/p>\n<h1><em>\u00c6vint\u00fdri um dau\u00f0ann og saga af venjulegu f\u00f3lki<\/em><\/h1>\n<p data-adtags-visited=\"true\"><a href=\"https:\/\/unnurbirnakarls.wordpress.com\/skaldsogur\/\" target=\"_blank\" rel=\"noopener noreferrer\">B\u00f3k m\u00e1na\u00f0arins \u00ed Eymundsson \u00e1g\u00fast 2016<\/a><\/p>\n<p data-adtags-visited=\"true\">\u00c9g s\u00e9 hana \u00fe\u00f3 a\u00f0rir geri \u00fea\u00f0 ekki. \u00deannig byrja\u00f0i \u00feessi sk\u00e1ldsaga \u00ed huga m\u00e9r. \u00c9g s\u00e1 fyrir m\u00e9r karlmann sem elskar konu sem er honum gl\u00f6tu\u00f0 og hann henni. Og s\u00ed\u00f0an spannst s\u00f6gu\u00fer\u00e1\u00f0ur uns til var\u00f0 sagan sem kom \u00fat 3. \u00e1g\u00fast 2016 hj\u00e1 b\u00f3kaforlaginu Bjarti. B\u00f3kin var b\u00f3k m\u00e1na\u00f0arins \u00ed \u00e1g\u00fast 2016 \u00ed Eymundsson.<\/p>\n<div id=\"attachment_1857\" style=\"width: 502px\" class=\"wp-caption alignnone\"><img loading=\"lazy\" decoding=\"async\" aria-describedby=\"caption-attachment-1857\" class=\"wp-image-1857 size-full\" src=\"https:\/\/unnurbirnakarls.files.wordpress.com\/2016\/08\/c3a6vintyri2016_ubk_1-492x800.jpg?w=500\" alt=\"\u00c6VINTYRI2016_ubk_1 (492x800)\" width=\"492\" height=\"800\" data-attachment-id=\"1857\" data-permalink=\"https:\/\/unnurbirnakarls.wordpress.com\/aevintyri2016_ubk_1-492x800\/\" data-orig-file=\"https:\/\/unnurbirnakarls.files.wordpress.com\/2016\/08\/c3a6vintyri2016_ubk_1-492x800.jpg\" data-orig-size=\"492,800\" data-comments-opened=\"1\" data-image-meta=\"{&quot;aperture&quot;:&quot;0&quot;,&quot;credit&quot;:&quot;&quot;,&quot;camera&quot;:&quot;&quot;,&quot;caption&quot;:&quot;&quot;,&quot;created_timestamp&quot;:&quot;1469229342&quot;,&quot;copyright&quot;:&quot;&quot;,&quot;focal_length&quot;:&quot;0&quot;,&quot;iso&quot;:&quot;0&quot;,&quot;shutter_speed&quot;:&quot;0&quot;,&quot;title&quot;:&quot;&quot;,&quot;orientation&quot;:&quot;1&quot;}\" data-image-title=\"\u00c6VINTYRI2016_ubk_1 (492\u00d7800)\" data-image-description=\"\" data-medium-file=\"https:\/\/unnurbirnakarls.files.wordpress.com\/2016\/08\/c3a6vintyri2016_ubk_1-492x800.jpg?w=185\" data-large-file=\"https:\/\/unnurbirnakarls.files.wordpress.com\/2016\/08\/c3a6vintyri2016_ubk_1-492x800.jpg?w=492\" \/><p id=\"caption-attachment-1857\" class=\"wp-caption-text\">Mynd; Bjartur, 2016.<\/p><\/div>\n<p data-adtags-visited=\"true\">\n<p data-adtags-visited=\"true\">Sk\u00e1ldsaga<\/p>\n<h1 data-adtags-visited=\"true\"><em>\u00dea\u00f0 kemur alltaf n\u00fdr dagur<\/em><\/h1>\n<p data-adtags-visited=\"true\"><em>B\u00f3k m\u00e1na\u00f0arins \u00ed Eymundsson \u00ed j\u00fan\u00ed 2012<\/em>: <a href=\"https:\/\/unnurbirnakarls.files.wordpress.com\/2012\/06\/bokmanadarins_fbl.pdf\">Bokmanadarins_FBL<\/a><\/p>\n<p data-adtags-visited=\"true\">\u201cHafi\u00f0 \u00fei\u00f0 heyrti hvininn sem myndast \u00feegar st\u00e1lv\u00edr slitnar?\u201d Svo hlj\u00f3\u00f0ar fyrsta setninginn \u00ed b\u00f3kinni minni. Og svo hefst sagan. \u00dea\u00f0 var \u00feannig \u00feessi mynd af \u00fev\u00ed \u00feegar n\u00ed\u00f0sterkt efni slitnar svo \u00fea\u00f0 myndast \u00feetta s\u00e9rkennilega hlj\u00f3\u00f0 sem hlj\u00f3mar eins og st\u00e1li\u00f0 kveinki s\u00e9r sem var kveikjan a\u00f0 s\u00f6gunni minni. \u00deannig getur sk\u00e1ldsaga kvikna\u00f0 af leifturhugmynd sem enn er \u00e1n s\u00f6gupers\u00f3na og s\u00f6gusvi\u00f0s. \u00dea\u00f0 er a\u00f0 v\u00edsu ofsagt a\u00f0 ekki hafi veri\u00f0 kviknu\u00f0 hugmynd a\u00f0 a\u00f0als\u00f6gupers\u00f3nunni. \u00d3lj\u00f3s mynd af henni var komin og s\u00f6mulei\u00f0is l\u00f6ngum m\u00edn til a\u00f0 segja s\u00f6gu hennar, \u00fev\u00ed m\u00e9r fannst s\u00fa saga, \u00fe\u00f3tt sk\u00e1ldu\u00f0 s\u00e9, eiga s\u00e9r svo margar sk\u00edrskotanir \u00ed l\u00edfinu sj\u00e1lfu \u00ed samt\u00edma okkar, eins og f\u00f3lk \u00fearf a\u00f0 gl\u00edma vi\u00f0 \u00fea\u00f0, \u00ed margbreytileika \u00feess, gle\u00f0i og sorgum og \u00f3fyrirsj\u00e1anleika. L\u00edfi\u00f0 er gj\u00f6fult en \u00fea\u00f0 getur l\u00edka veri\u00f0 meinhrekkj\u00f3tt. \u00deannig reyndist \u00fea\u00f0 a\u00f0als\u00f6gupers\u00f3nunni minni. H\u00fan var me\u00f0 plan, b\u00fain a\u00f0 skipuleggja l\u00edfi\u00f0. Allt \u00e1tti a\u00f0 ganga fyrirsj\u00e1anlega. En vi\u00f0 erum aldrei allsr\u00e1\u00f0andi, anna\u00f0 f\u00f3lk hefur \u00e1hrif \u00e1 hva\u00f0a stefnu l\u00edf okkar tekur og stundum me\u00f0 mj\u00f6g r\u00f3tt\u00e6kum h\u00e6tti. \u00dev\u00ed var \u00feannig fari\u00f0 hj\u00e1 konunni sem sagan m\u00edn fjallar um. H\u00fan var me\u00f0 sitt plan \u00e1 hreinu, eins og \u00e1\u00f0ur sag\u00f0i, h\u00fan taldi sig vera komna \u00ed h\u00f6fn og lifa \u00ed \u00fev\u00ed tilfinningalega skj\u00f3li sem h\u00fan taldi sig ekki geta lifa\u00f0 \u00e1n, en svo var fjandinn laus.<\/p>\n<p data-adtags-visited=\"true\">Sk\u00e1ldsagan m\u00edn er saga um tilfinningar. M\u00e9r hefur alltaf \u00fe\u00f3tt s\u00e1 \u00fe\u00e1ttur \u00ed manninum \u00e1hugaver\u00f0ur og litr\u00edkur. Tilfinningar eru sterkasta afli\u00f0 og \u00fe\u00e6r eru margskonar. \u00de\u00e6r m\u00f3ta okkur, hvort sem okkur l\u00edkar betur e\u00f0a verr. \u00de\u00e6r kasta okkur klettanna \u00e1 milli ef \u00fe\u00e6r eru sterkar og \u00fe\u00e6r lei\u00f0a okkur \u00ed gegnum l\u00edfi\u00f0 me\u00f0 einum og \u00f6\u00f0rum h\u00e6tti, hvort sem \u00fea\u00f0 er til g\u00e6fu e\u00f0a \u00f3g\u00e6fu, og spila \u00fear saman tilfinningar og einhvers konar vilji og jafnvel \u00f3vilji. Vi\u00f0 gerum stundum hluti sem vi\u00f0 viljum \u00ed raun ekki gera e\u00f0a a\u00f0 gerist en gerum samt sem vi\u00f0br\u00f6g\u00f0 vi\u00f0 einhverri l\u00ed\u00f0an og eins oft er s\u00fa l\u00ed\u00f0an me\u00f0 forskeyti. \u00deannig eru \u00fe\u00e6r systur vell\u00ed\u00f0anin og vanl\u00ed\u00f0anin \u00f6rlagavaldar \u00ed l\u00edfi okkar og \u00fea\u00f0 vir\u00f0ist ekki alltaf vera \u00e1 okkar valdi a\u00f0 stj\u00f3rna \u00fev\u00ed hvora \u00feeirra vi\u00f0 f\u00e1um \u00ed okkar hlut og \u00ed hve st\u00f3rum sk\u00f6mmtum. Vi\u00f0 f\u00e1um aldrei vi\u00f0 allt r\u00e1\u00f0i\u00f0. L\u00edfsdraumurinn er alltaf s\u00e1 a\u00f0 sigla \u00e1 lygnum sj\u00f3, hamingjusamlega og \u00ed s\u00e1tt vi\u00f0 l\u00edfi\u00f0 og samfer\u00f0af\u00f3lk og vi\u00f0leitni okkar mi\u00f0ast miki\u00f0 a\u00f0 \u00fev\u00ed a\u00f0 n\u00e1 \u00fev\u00ed markmi\u00f0i. \u00dea\u00f0 gengur misvel enda er l\u00edfi\u00f0 stundum t\u00f6luver\u00f0 brekka og stundum koma t\u00edmabil \u00fear sem vi\u00f0 erum fremur eins og leiksoppar \u00f6rlganna en v\u00f6ld a\u00f0 \u00feeim.<\/p>\n<p data-adtags-visited=\"true\">Sagan m\u00edn fjallar l\u00edka um sterkasta afli\u00f0, en jafnframt eitt af \u00fev\u00ed duttlungafyllsta sem vi\u00f0 gl\u00edmum vi\u00f0, afli\u00f0 me\u00f0 \u00feriggja stafa heiti\u00f0 og h\u00e9r \u00e1 \u00e9g au\u00f0vita\u00f0 vi\u00f0 \u00e1st eins og \u00fea\u00f0 heitir upp \u00e1 \u00edslensku. \u00c1stinni getur fylgt \u00fea\u00f0 bjartasta sem vi\u00f0 upplifum en l\u00edka \u00fea\u00f0 svartasta. \u00c1stin getur leitt okkur \u00fat \u00ed torf\u00e6rur.<\/p>\n<div id=\"attachment_1526\" style=\"width: 510px\" class=\"wp-caption alignnone\"><a href=\"https:\/\/unnurbirnakarls.files.wordpress.com\/2012\/06\/picture-17.png\"><img loading=\"lazy\" decoding=\"async\" aria-describedby=\"caption-attachment-1526\" class=\"wp-image-1526 size-full\" title=\"Picture 17\" src=\"https:\/\/unnurbirnakarls.files.wordpress.com\/2012\/06\/picture-17.png?w=500&amp;h=392\" alt=\"\" width=\"500\" height=\"392\" data-attachment-id=\"1526\" data-permalink=\"https:\/\/unnurbirnakarls.wordpress.com\/2012\/06\/02\/thad-kemur-alltaf-nyr-dagur-skaldsaga\/picture-17\/\" data-orig-file=\"https:\/\/unnurbirnakarls.files.wordpress.com\/2012\/06\/picture-17.png\" data-orig-size=\"978,768\" data-comments-opened=\"1\" data-image-meta=\"{&quot;aperture&quot;:&quot;0&quot;,&quot;credit&quot;:&quot;&quot;,&quot;camera&quot;:&quot;&quot;,&quot;caption&quot;:&quot;&quot;,&quot;created_timestamp&quot;:&quot;0&quot;,&quot;copyright&quot;:&quot;&quot;,&quot;focal_length&quot;:&quot;0&quot;,&quot;iso&quot;:&quot;0&quot;,&quot;shutter_speed&quot;:&quot;0&quot;,&quot;title&quot;:&quot;&quot;}\" data-image-title=\"Picture 17\" data-image-description=\"\" data-medium-file=\"https:\/\/unnurbirnakarls.files.wordpress.com\/2012\/06\/picture-17.png?w=300\" data-large-file=\"https:\/\/unnurbirnakarls.files.wordpress.com\/2012\/06\/picture-17.png?w=500\" \/><\/a><p id=\"caption-attachment-1526\" class=\"wp-caption-text\">Mynd; Bjartur, 2012.<\/p><\/div>\n<div id=\"atatags-370373-5e4c732c023ff\"><\/div>\n","protected":false},"excerpt":{"rendered":"<p>Sm\u00e1saga \"Launs\u00e1tur minningar\" N\u00f3vember dag einn \u00e1ri\u00f0 2017 f\u00e9kk \u00e9g t\u00f6lvup\u00f3st fr\u00e1 ritstj\u00f3ra Iceview. T\u00edmariti um \u00edslenska menningu og listir (sj\u00e1 t.d.: https:\/\/ktbrowne.com\/iceviewmagazine ). Erindi\u00f0 var a\u00f0 spyrja hvort \u00e9g \u00e6tti efni, pr\u00f3sa \u00ed riti\u00f0 sem birtast \u00e1tti \u00e1 \u00e1rinu &hellip; <a href=\"https:\/\/uni.hi.is\/unnurk\/skaldsogur\/\">Halda \u00e1fram a\u00f0 lesa <span class=\"meta-nav\">&rarr;<\/span><\/a><\/p>\n","protected":false},"author":1539,"featured_media":0,"parent":0,"menu_order":7,"comment_status":"closed","ping_status":"closed","template":"","meta":{"footnotes":""},"class_list":["post-28","page","type-page","status-publish","hentry"],"_links":{"self":[{"href":"https:\/\/uni.hi.is\/unnurk\/wp-json\/wp\/v2\/pages\/28","targetHints":{"allow":["GET"]}}],"collection":[{"href":"https:\/\/uni.hi.is\/unnurk\/wp-json\/wp\/v2\/pages"}],"about":[{"href":"https:\/\/uni.hi.is\/unnurk\/wp-json\/wp\/v2\/types\/page"}],"author":[{"embeddable":true,"href":"https:\/\/uni.hi.is\/unnurk\/wp-json\/wp\/v2\/users\/1539"}],"replies":[{"embeddable":true,"href":"https:\/\/uni.hi.is\/unnurk\/wp-json\/wp\/v2\/comments?post=28"}],"version-history":[{"count":8,"href":"https:\/\/uni.hi.is\/unnurk\/wp-json\/wp\/v2\/pages\/28\/revisions"}],"predecessor-version":[{"id":256,"href":"https:\/\/uni.hi.is\/unnurk\/wp-json\/wp\/v2\/pages\/28\/revisions\/256"}],"wp:attachment":[{"href":"https:\/\/uni.hi.is\/unnurk\/wp-json\/wp\/v2\/media?parent=28"}],"curies":[{"name":"wp","href":"https:\/\/api.w.org\/{rel}","templated":true}]}}