{"id":307,"date":"2020-03-25T23:01:45","date_gmt":"2020-03-25T23:01:45","guid":{"rendered":"https:\/\/uni.hi.is\/unnurk\/?page_id=307"},"modified":"2020-03-25T23:45:41","modified_gmt":"2020-03-25T23:45:41","slug":"annad","status":"publish","type":"page","link":"https:\/\/uni.hi.is\/unnurk\/annad\/","title":{"rendered":"Anna\u00f0"},"content":{"rendered":"<p>Eldra efni \u00e1 vef, \u00fdmiss efnis og fikt vi\u00f0 vefs\u00ed\u00f0uger\u00f0, skrif og myndbirtingar og lj\u00f3smyndavefalb\u00fam:<\/p>\n<p><a href=\"https:\/\/unnurbirnakarls.wordpress.com\/\" target=\"_blank\" rel=\"noopener noreferrer\">R\u00f3sir og hraunbrei\u00f0ur<\/a><\/p>\n<p><a href=\"https:\/\/natturusyn.wordpress.com\/\" target=\"_blank\" rel=\"noopener noreferrer\">N\u00e1tt\u00farus\u00fdn - umhverfissaga<\/a><\/p>\n<p><a href=\"https:\/\/hreindyrin.wordpress.com\/\" target=\"_blank\" rel=\"noopener noreferrer\">Hreind\u00fdrin okkar<\/a><\/p>\n<p><a href=\"https:\/\/unnurkarls.wordpress.com\/\" target=\"_blank\" rel=\"noopener noreferrer\">Lj\u00f3smyndir<\/a><\/p>\n<p><a href=\"https:\/\/www.youtube.com\/watch?v=8_3DPujc8D8\" target=\"_blank\" rel=\"noopener noreferrer\">B\u00fas\u00e1haldabylting vetur 2008-2009<\/a><\/p>\n<p><a href=\"https:\/\/www.youtube.com\/watch?v=qvtRAKkjKHY\" target=\"_blank\" rel=\"noopener noreferrer\">Reykjav\u00edk Gay Pride 2010<\/a><\/p>\n<p><a href=\"https:\/\/icelandmyisland.wordpress.com\/\" target=\"_blank\" rel=\"noopener noreferrer\">Iceland my island<\/a><\/p>\n<p>&nbsp;<\/p>\n","protected":false},"excerpt":{"rendered":"<p>Eldra efni \u00e1 vef, \u00fdmiss efnis og fikt vi\u00f0 vefs\u00ed\u00f0uger\u00f0, skrif og myndbirtingar og lj\u00f3smyndavefalb\u00fam: R\u00f3sir og hraunbrei\u00f0ur N\u00e1tt\u00farus\u00fdn - umhverfissaga Hreind\u00fdrin okkar Lj\u00f3smyndir B\u00fas\u00e1haldabylting vetur 2008-2009 Reykjav\u00edk Gay Pride 2010 Iceland my island &nbsp;<\/p>\n","protected":false},"author":1539,"featured_media":0,"parent":0,"menu_order":11,"comment_status":"closed","ping_status":"closed","template":"","meta":{"footnotes":""},"class_list":["post-307","page","type-page","status-publish","hentry"],"_links":{"self":[{"href":"https:\/\/uni.hi.is\/unnurk\/wp-json\/wp\/v2\/pages\/307","targetHints":{"allow":["GET"]}}],"collection":[{"href":"https:\/\/uni.hi.is\/unnurk\/wp-json\/wp\/v2\/pages"}],"about":[{"href":"https:\/\/uni.hi.is\/unnurk\/wp-json\/wp\/v2\/types\/page"}],"author":[{"embeddable":true,"href":"https:\/\/uni.hi.is\/unnurk\/wp-json\/wp\/v2\/users\/1539"}],"replies":[{"embeddable":true,"href":"https:\/\/uni.hi.is\/unnurk\/wp-json\/wp\/v2\/comments?post=307"}],"version-history":[{"count":3,"href":"https:\/\/uni.hi.is\/unnurk\/wp-json\/wp\/v2\/pages\/307\/revisions"}],"predecessor-version":[{"id":310,"href":"https:\/\/uni.hi.is\/unnurk\/wp-json\/wp\/v2\/pages\/307\/revisions\/310"}],"wp:attachment":[{"href":"https:\/\/uni.hi.is\/unnurk\/wp-json\/wp\/v2\/media?parent=307"}],"curies":[{"name":"wp","href":"https:\/\/api.w.org\/{rel}","templated":true}]}}