{"id":40,"date":"2020-02-18T23:50:15","date_gmt":"2020-02-18T23:50:15","guid":{"rendered":"http:\/\/uni.hi.is\/unnurk\/?page_id=40"},"modified":"2020-03-25T23:43:30","modified_gmt":"2020-03-25T23:43:30","slug":"ferill","status":"publish","type":"page","link":"https:\/\/uni.hi.is\/unnurk\/ferill\/","title":{"rendered":"Ferill"},"content":{"rendered":"<p>Starfsferill<\/p>\n<ul>\n<li>Fr\u00e1 1. j\u00fan\u00ed 2018: Forst\u00f6\u00f0uma\u00f0ur Ranns\u00f3knaseturs H\u00e1sk\u00f3la \u00cdslands \u00e1 Austurlandi.<\/li>\n<li>Fr\u00e1 1. apr\u00edl 2015-31 ma\u00ed 2018. Ranns\u00f3knasta\u00f0a (s\u00e9rfr\u00e6\u00f0ista\u00f0a) vi\u00f0 Stofnun ranns\u00f3knasetra H\u00e1sk\u00f3la \u00cdslands, starfsemi \u00e1 Egilsst\u00f6\u00f0um.<\/li>\n<li>Fr\u00e1 1. sept. 2012 til 31. \u00e1g\u00fast 2015. Safnstj\u00f3ri Minjasafns Austurlands \u00e1 Egilsst\u00f6\u00f0um.<\/li>\n<li>Fr\u00e1 1. j\u00fan\u00ed 2004 til 31. \u00e1g\u00fast 2012: S\u00e9rfr\u00e6\u00f0ist\u00f6rf \u00e1 \u00dej\u00f3\u00f0skjalasafni \u00cdslands, skjalavarsla, verkefnisstj\u00f3rn, ritst\u00f6rf og ranns\u00f3knir.<\/li>\n<li>1999-2010: Doktorsn\u00e1m\/doktorsranns\u00f3kn \u00ed sagnfr\u00e6\u00f0i vi\u00f0 H\u00e1sk\u00f3la \u00cdslands.<\/li>\n<li>2001-2002: Ranns\u00f3kn \u00e1 framkv\u00e6md \u00f3frj\u00f3semisa\u00f0ger\u00f0a \u00e1 \u00cdslandi, unni\u00f0 fyrir heilbrig\u00f0isr\u00e1\u00f0herra, og ni\u00f0urst\u00f6\u00f0usk\u00fdrsla l\u00f6g\u00f0 fram \u00e1 Al\u00feingi.<\/li>\n<li>1998-1999: Sagnfr\u00e6\u00f0iranns\u00f3knir\/ritst\u00f6rf - almenn grunnsk\u00f3lakennsla<\/li>\n<li>1996-1997: Almenn grunnsk\u00f3lakennsla<\/li>\n<li>1996: Sagnfr\u00e6\u00f0iranns\u00f3knir og ritst\u00f6rf<\/li>\n<\/ul>\n<p>&nbsp;<\/p>\n<p>Menntun og \u00e1fangar<\/p>\n<ul>\n<li>1999-2010 - Doktorsn\u00e1m\/doktorsranns\u00f3kn \u00ed sagnfr\u00e6\u00f0i vi\u00f0 H\u00e1sk\u00f3la \u00cdslands: Doktorsgr\u00e1\u00f0a \u00ed sagnfr\u00e6\u00f0i (Ph.D.), 2010.<\/li>\n<li>1993-1996: Mastersn\u00e1m \u00ed sagnfr\u00e6\u00f0i. MA-gr\u00e1\u00f0a \u00ed sagnfr\u00e6\u00f0i, 1996. Sagnfr\u00e6\u00f0iskor H\u00e1sk\u00f3la \u00cdslands.<\/li>\n<li>1992-1993: Kennslu- og uppeldisfr\u00e6\u00f0i: L\u00f6ggilt kennslur\u00e9ttindi grunn-og framhaldssk\u00f3lakennara, 1993. F\u00e9lagsv\u00edsindadeild, H\u00e1sk\u00f3la \u00cdslands.<\/li>\n<li>1989-1992: BA-n\u00e1m \u00ed sagnfr\u00e6\u00f0i. BA-gr\u00e1\u00f0a \u00ed sagnfr\u00e6\u00f0i, 1992. Sagnfr\u00e6\u00f0iskor \u00ed H\u00e1sk\u00f3la \u00cdslands.<\/li>\n<li>1986-1987: \u00de\u00fdska. Skor \u00fe\u00fdsku og Nor\u00f0urlandam\u00e1la \u00ed H\u00cd (25 e).<\/li>\n<li>1984: St\u00fadentspr\u00f3f fr\u00e1 Menntask\u00f3lanum \u00e1 Akureyri (tungum\u00e1labraut).<\/li>\n<\/ul>\n","protected":false},"excerpt":{"rendered":"<p>Starfsferill Fr\u00e1 1. j\u00fan\u00ed 2018: Forst\u00f6\u00f0uma\u00f0ur Ranns\u00f3knaseturs H\u00e1sk\u00f3la \u00cdslands \u00e1 Austurlandi. Fr\u00e1 1. apr\u00edl 2015-31 ma\u00ed 2018. Ranns\u00f3knasta\u00f0a (s\u00e9rfr\u00e6\u00f0ista\u00f0a) vi\u00f0 Stofnun ranns\u00f3knasetra H\u00e1sk\u00f3la \u00cdslands, starfsemi \u00e1 Egilsst\u00f6\u00f0um. Fr\u00e1 1. sept. 2012 til 31. \u00e1g\u00fast 2015. Safnstj\u00f3ri Minjasafns Austurlands \u00e1 Egilsst\u00f6\u00f0um. &hellip; <a href=\"https:\/\/uni.hi.is\/unnurk\/ferill\/\">Halda \u00e1fram a\u00f0 lesa <span class=\"meta-nav\">&rarr;<\/span><\/a><\/p>\n","protected":false},"author":1539,"featured_media":0,"parent":0,"menu_order":2,"comment_status":"closed","ping_status":"closed","template":"","meta":{"footnotes":""},"class_list":["post-40","page","type-page","status-publish","hentry"],"_links":{"self":[{"href":"https:\/\/uni.hi.is\/unnurk\/wp-json\/wp\/v2\/pages\/40","targetHints":{"allow":["GET"]}}],"collection":[{"href":"https:\/\/uni.hi.is\/unnurk\/wp-json\/wp\/v2\/pages"}],"about":[{"href":"https:\/\/uni.hi.is\/unnurk\/wp-json\/wp\/v2\/types\/page"}],"author":[{"embeddable":true,"href":"https:\/\/uni.hi.is\/unnurk\/wp-json\/wp\/v2\/users\/1539"}],"replies":[{"embeddable":true,"href":"https:\/\/uni.hi.is\/unnurk\/wp-json\/wp\/v2\/comments?post=40"}],"version-history":[{"count":3,"href":"https:\/\/uni.hi.is\/unnurk\/wp-json\/wp\/v2\/pages\/40\/revisions"}],"predecessor-version":[{"id":278,"href":"https:\/\/uni.hi.is\/unnurk\/wp-json\/wp\/v2\/pages\/40\/revisions\/278"}],"wp:attachment":[{"href":"https:\/\/uni.hi.is\/unnurk\/wp-json\/wp\/v2\/media?parent=40"}],"curies":[{"name":"wp","href":"https:\/\/api.w.org\/{rel}","templated":true}]}}