{"id":56,"date":"2020-02-19T12:47:23","date_gmt":"2020-02-19T12:47:23","guid":{"rendered":"http:\/\/uni.hi.is\/unnurk\/?page_id=56"},"modified":"2020-02-19T12:47:23","modified_gmt":"2020-02-19T12:47:23","slug":"saga-hreindyra-a-islandi","status":"publish","type":"page","link":"https:\/\/uni.hi.is\/unnurk\/rannsoknir\/saga-hreindyra-a-islandi\/","title":{"rendered":"Saga hreind\u00fdra \u00e1 \u00cdslandi"},"content":{"rendered":"","protected":false},"excerpt":{"rendered":"","protected":false},"author":1539,"featured_media":0,"parent":16,"menu_order":0,"comment_status":"closed","ping_status":"closed","template":"","meta":{"footnotes":""},"class_list":["post-56","page","type-page","status-publish","hentry"],"_links":{"self":[{"href":"https:\/\/uni.hi.is\/unnurk\/wp-json\/wp\/v2\/pages\/56","targetHints":{"allow":["GET"]}}],"collection":[{"href":"https:\/\/uni.hi.is\/unnurk\/wp-json\/wp\/v2\/pages"}],"about":[{"href":"https:\/\/uni.hi.is\/unnurk\/wp-json\/wp\/v2\/types\/page"}],"author":[{"embeddable":true,"href":"https:\/\/uni.hi.is\/unnurk\/wp-json\/wp\/v2\/users\/1539"}],"replies":[{"embeddable":true,"href":"https:\/\/uni.hi.is\/unnurk\/wp-json\/wp\/v2\/comments?post=56"}],"version-history":[{"count":1,"href":"https:\/\/uni.hi.is\/unnurk\/wp-json\/wp\/v2\/pages\/56\/revisions"}],"predecessor-version":[{"id":57,"href":"https:\/\/uni.hi.is\/unnurk\/wp-json\/wp\/v2\/pages\/56\/revisions\/57"}],"up":[{"embeddable":true,"href":"https:\/\/uni.hi.is\/unnurk\/wp-json\/wp\/v2\/pages\/16"}],"wp:attachment":[{"href":"https:\/\/uni.hi.is\/unnurk\/wp-json\/wp\/v2\/media?parent=56"}],"curies":[{"name":"wp","href":"https:\/\/api.w.org\/{rel}","templated":true}]}}