{"id":24,"date":"2020-02-21T10:52:29","date_gmt":"2020-02-21T10:52:29","guid":{"rendered":"http:\/\/uni.hi.is\/vilhelmv\/?page_id=24"},"modified":"2021-05-10T09:01:03","modified_gmt":"2021-05-10T09:01:03","slug":"the-research-centre","status":"publish","type":"page","link":"https:\/\/uni.hi.is\/vilhelmv\/the-research-centre\/","title":{"rendered":"The Research Centre"},"content":{"rendered":"<p>The <a href=\"https:\/\/english.hi.is\/institute_of_research_centres\/research_centre_north_west\">University of Iceland Reseach Centre in Northwest Iceland<\/a> (Ranns\u00f3knasetur H\u00e1sk\u00f3la \u00cdslands \u00e1 Nor\u00f0urlandi vestra) is one of nine research centres run by the University of Iceland in different parts of the country under the umbrella of <a href=\"https:\/\/www.hi.is\/rannsoknasetur_haskola_islands\">The University of Iceland\u2018s Institute of Research Centres.<\/a> The Institute's objectives are to meet the demand for research and education all over Iceland, to provide facilities for research projects dealing with local environmental and societal conditions, to provide facilities for students\u2019 field work, to increase access to research based education in rural areas, and to strengthen the University\u2019s ties to local enterprises and daily life in rural areas.<\/p>\n<p>The academic focus of the research centre in northwest Iceland is history and I have been its director since 1 February 2018. The centre is located at:<\/p>\n<p>Einb\u00faast\u00edgur 2, 545 Skagastr\u00f6nd, Iceland<\/p>\n<p>The research centre has a facebook page with regular updates about what we are up to:<br \/>\n<a href=\"https:\/\/www.facebook.com\/rannsoknaseturnordvest\/\">https:\/\/www.facebook.com\/rannsoknaseturnordvest\/<\/a><\/p>\n","protected":false},"excerpt":{"rendered":"<p>The University of Iceland Reseach Centre in Northwest Iceland (Ranns\u00f3knasetur H\u00e1sk\u00f3la \u00cdslands \u00e1 Nor\u00f0urlandi vestra) is one of nine research centres run by the University of Iceland in different parts of the country under the umbrella of The University of &hellip; <a href=\"https:\/\/uni.hi.is\/vilhelmv\/the-research-centre\/\">Continue reading <span class=\"meta-nav\">&rarr;<\/span><\/a><\/p>\n","protected":false},"author":1540,"featured_media":0,"parent":0,"menu_order":0,"comment_status":"closed","ping_status":"closed","template":"","meta":{"footnotes":""},"class_list":["post-24","page","type-page","status-publish","hentry"],"_links":{"self":[{"href":"https:\/\/uni.hi.is\/vilhelmv\/wp-json\/wp\/v2\/pages\/24","targetHints":{"allow":["GET"]}}],"collection":[{"href":"https:\/\/uni.hi.is\/vilhelmv\/wp-json\/wp\/v2\/pages"}],"about":[{"href":"https:\/\/uni.hi.is\/vilhelmv\/wp-json\/wp\/v2\/types\/page"}],"author":[{"embeddable":true,"href":"https:\/\/uni.hi.is\/vilhelmv\/wp-json\/wp\/v2\/users\/1540"}],"replies":[{"embeddable":true,"href":"https:\/\/uni.hi.is\/vilhelmv\/wp-json\/wp\/v2\/comments?post=24"}],"version-history":[{"count":4,"href":"https:\/\/uni.hi.is\/vilhelmv\/wp-json\/wp\/v2\/pages\/24\/revisions"}],"predecessor-version":[{"id":37,"href":"https:\/\/uni.hi.is\/vilhelmv\/wp-json\/wp\/v2\/pages\/24\/revisions\/37"}],"wp:attachment":[{"href":"https:\/\/uni.hi.is\/vilhelmv\/wp-json\/wp\/v2\/media?parent=24"}],"curies":[{"name":"wp","href":"https:\/\/api.w.org\/{rel}","templated":true}]}}