{"id":39,"date":"2014-01-14T15:19:12","date_gmt":"2014-01-14T15:19:12","guid":{"rendered":"http:\/\/uni.hi.is\/vilhjarn\/?page_id=39"},"modified":"2023-03-17T11:05:29","modified_gmt":"2023-03-17T11:05:29","slug":"curriculum-vitae","status":"publish","type":"page","link":"https:\/\/uni.hi.is\/vilhjarn\/en\/","title":{"rendered":"Curriculum Vitae"},"content":{"rendered":"<p>Vilhj\u00e1lmur \u00c1rnason was born 1953 in Neskaupstadur, east Iceland. Lives in Reykjav\u00edk, Iceland.<br \/>\nProfessor emeritus of philosophy, Faculty of Philosophy, History and Archeology, School of Humanities, University of Iceland.<\/p>\n<p><b>University education:<\/b><\/p>\n<ul>\n<li>B.A. and Teacher\u2018s certificate in Philosophy and Comparative Literature, University of Iceland 1978.<\/li>\n<li>M.A. in Philosophy from Purdue University, Indiana USA, 1980<\/li>\n<li>Ph.D. from Purdue University\u00a0in December 1982.<\/li>\n<li>Alexander von Humboldt Research post doctoral fellow in Berlin 1993.<\/li>\n<\/ul>\n<p><b>Professional history:<\/b><\/p>\n<ul>\n<li>Professor II (20%). Western Norway University of Applied Sciences. Department of Civil Engineering, since December 1, 2022<\/li>\n<li>Professor of philosophy, University of Iceland 1996\u2212January 2023<\/li>\n<li>Chair of the Centre for Ethics, University of Iceland 1997\u2212January 2023<\/li>\n<li>Visiting researcher Institute for Global Health og Social medicine, University of Bergen<\/li>\n<li>Visiting researcher Universit\u00e0 degli Studi di Siena, spring 2017<\/li>\n<li>Member of the Nils Klim committee, appointed by the Holberg Board 2013\u22122018<\/li>\n<li>Visiting researcher: Filosofisk Institutt, University of Bergen, fall 2013<\/li>\n<li>Board member of International Association of Bioethics (IAB) from 2012<\/li>\n<li>Associate editor of the <i>Encyclopedia of Applied Ethics, <\/i>chief editor Ruth Chadwick 2008\u20132011, Elsevier 2012<\/li>\n<li>Guest Editor of Special section: Kant, Habermas and Bioethics, <i>Cambridge Quarterly of Health Care Ethics <\/i>21:2, 2012<\/li>\n<li>Chair of a Working group on ethics and working practices. Special Investigation Commission of the Icelandic Parliament 2009\u22122010<\/li>\n<li>Visiting researcher: Afdelingen af Filosofi og Videnskabsteori, Roskilde University 2002\u20132003<\/li>\n<li>Visiting researcher: Dept of philosophy, University of Aberdeen 1998<\/li>\n<li>Associate professor of philosophy, University of Iceland 1991\u22121996<\/li>\n<li>Assistant professor of philosophy, University of Iceland 1989\u22121990<\/li>\n<li>Instructor in philosophy, University of Iceland 1983\u22121988<\/li>\n<li>Visiting professor, Pacific Lutheran University 1988\u22121989<\/li>\n<li>Member of the University Senate, University of Iceland 2004\u22122006<\/li>\n<li>Dean of the Faculty of Philosophy, University of Iceland 2000\u22122002<\/li>\n<li>Chair of the Department of Philosophy 1996\u22121997, 2006\u22122007 and 2015\u22122016<\/li>\n<li>Board member of The European Society for Philosophy of Medicine and Health Care 2004\u22122010<\/li>\n<li>Board member of The Nordic Bioethics Committee 2005\u22122010. Chair 2007<\/li>\n<li>Chair of the Ethics committee of the National Directorate of Health, 1998\u22122000. Member since 1993<\/li>\n<li>Member of the editorial team for <i>Medicine, Health Care and Philosophy<\/i><\/li>\n<li>Member of the editorial team for <i>Genomics and Society<\/i>. Online journal<\/li>\n<li>Member of the editorial team for <i>Etikk i Praksis<\/i>. Nordic journal<\/li>\n<li>Editor of Theoretical book series of the Icelandic literary society 1997\u22122003<\/li>\n<li>Editor of <i>Sk\u00edrnir<\/i>, Journal of the Icelandic literary society 1987\u22121994<\/li>\n<li>Secretary of the Prime minister\u2018s committe on the Future of Icelandic society 1985\u22121987<\/li>\n<\/ul>\n<p><b>Grants and awards:<\/b><\/p>\n<ul>\n<li>Study grant, Thor Thors Foundation, 1978<\/li>\n<li>Travel grant, Fulbright Foundation, 1978\u20131982<\/li>\n<li>Research grant, David Ross Foundation, Purdue University,\u00a01981\u20131982<\/li>\n<li>Research grant, Icelandic Science Council: Morality in the Sagas,\u00a01983\u20131984<\/li>\n<li>Research grant, Icelandic Science Council: Ethics of Life and Death,\u00a01989\u20131991<\/li>\n<li>Post-doc grant, Alexander von Humboldt Stiftung. Stay in Berlin 1993.\u00a0Life member<\/li>\n<li>The\u00a0award of\u00a0Hag\u00feenkir, the Assocation of Icelandic Non-fiction Writers, for academic work of outstanding quality: <em>Ethics of Life and Death<\/em>, 1993<\/li>\n<li>Research project.\u00a0 EC 5th framework. Leading scientist of ELSAGEN.\u00a02002\u20132004<\/li>\n<li>Research network, NorFA\/NordForsk. Human genetic databases.\u00a02002\u20132006<\/li>\n<li>Research grants, Icelandic Christianity fund,\u00a02002, 04, 05<\/li>\n<li>Research grant, Icelandic Research Council: Health care databases,\u00a02003, 2005<\/li>\n<li>Visiting fellow, Clare Hall, Cambridge University. Elected life member,\u00a02006<\/li>\n<li>Research fellow, Fondation Brocher, Hermance, Switzerland,\u00a02010<\/li>\n<li>Research grant, Icelandic Research Council: Icelandic democracy, 2013\u20132015<\/li>\n<li>University of Iceland annual award for excellence in research,\u00a02018<\/li>\n<\/ul>\n<p><\/p>","protected":false},"excerpt":{"rendered":"<p>Vilhj\u00e1lmur \u00c1rnason was born 1953 in Neskaupstadur, east Iceland. Lives in Reykjav\u00edk, Iceland. Professor emeritus of philosophy, Faculty of Philosophy, History and Archeology, School of Humanities, University of Iceland. University education: B.A. and Teacher\u2018s certificate in Philosophy and Comparative Literature, University of Iceland 1978. M.A. in Philosophy from Purdue University, Indiana USA, 1980 Ph.D. from [&hellip;]<\/p>\n","protected":false},"author":652,"featured_media":0,"parent":0,"menu_order":0,"comment_status":"closed","ping_status":"closed","template":"","meta":{"footnotes":""},"class_list":["post-39","page","type-page","status-publish","hentry"],"_links":{"self":[{"href":"https:\/\/uni.hi.is\/vilhjarn\/en\/wp-json\/wp\/v2\/pages\/39","targetHints":{"allow":["GET"]}}],"collection":[{"href":"https:\/\/uni.hi.is\/vilhjarn\/en\/wp-json\/wp\/v2\/pages"}],"about":[{"href":"https:\/\/uni.hi.is\/vilhjarn\/en\/wp-json\/wp\/v2\/types\/page"}],"author":[{"embeddable":true,"href":"https:\/\/uni.hi.is\/vilhjarn\/en\/wp-json\/wp\/v2\/users\/652"}],"replies":[{"embeddable":true,"href":"https:\/\/uni.hi.is\/vilhjarn\/en\/wp-json\/wp\/v2\/comments?post=39"}],"version-history":[{"count":27,"href":"https:\/\/uni.hi.is\/vilhjarn\/en\/wp-json\/wp\/v2\/pages\/39\/revisions"}],"predecessor-version":[{"id":247,"href":"https:\/\/uni.hi.is\/vilhjarn\/en\/wp-json\/wp\/v2\/pages\/39\/revisions\/247"}],"wp:attachment":[{"href":"https:\/\/uni.hi.is\/vilhjarn\/en\/wp-json\/wp\/v2\/media?parent=39"}],"curies":[{"name":"wp","href":"https:\/\/api.w.org\/{rel}","templated":true}]}}