{"id":4,"date":"2011-11-09T14:32:57","date_gmt":"2011-11-09T14:32:57","guid":{"rendered":"http:\/\/uni.hi.is\/vilhjarn\/?page_id=4"},"modified":"2023-03-17T11:39:26","modified_gmt":"2023-03-17T11:39:26","slug":"cv","status":"publish","type":"page","link":"https:\/\/uni.hi.is\/vilhjarn\/en\/cv\/","title":{"rendered":"Published work"},"content":{"rendered":"<p><b>Books:<\/b><\/p>\n<ul>\n<li><em>The Moral Perspective. Reflections on Ethics and Practice<\/em>. English translation by Barbara B. Nelson. Reykjavik: University of Iceland Press 2018.<\/li>\n<li><i>Rabba\u00f0 um ve\u00f0ri\u00f0 og fleiri heimspekileg hugt\u00f6k.<\/i> (Essys on the weather and other philosophical concepts). Reykjavik: University of Iceland Press 2015.<\/li>\n<li><i>Hugsm\u00ed\u00f0ar. Um si\u00f0fer\u00f0i, stj\u00f3rnm\u00e1l og samf\u00e9lag<\/i> (Reconstructions. Essays on morality, politics and society). Reykjavik: University of Iceland Press 2014.<\/li>\n<li><i>Fars\u00e6lt l\u00edf, r\u00e9ttl\u00e1tt samf\u00e9lag. Kenningar \u00ed si\u00f0fr\u00e6\u00f0i<\/i> (Good life, just society. Theories of ethics). Reykjavik: Heimskringla 2008.<\/li>\n<li><i>Dialog und Menschenw\u00fcrde. Ethik im Gesundheitswesen<\/i>. LIT-Verlag 2005.<\/li>\n<li><i>Sj\u00e1lfr\u00e6\u00f0i og aldra\u00f0ir \u00ed lj\u00f3si \u00edslenskra a\u00f0st\u00e6\u00f0na<\/i> (Self-determination of the elderly in nursing homes). Co-author \u00c1str\u00ed\u00f0ur Stef\u00e1nsd\u00f3ttir. Reykjavik: University of Iceland Press 2004.<\/li>\n<li><i>Broddflugur. <\/i>(Gadflies. A Collection of articles). Reykjavik: University of Iceland Press 1997.<\/li>\n<li><i>Si\u00f0fr\u00e6\u00f0i l\u00edfs og dau\u00f0a. Erfi\u00f0ar \u00e1kvar\u00f0anir \u00ed heilbrig\u00f0is\u00fej\u00f3nustu <\/i>(Ethics of life and death. Difficult decisions in health care). Reykjavik: University of Iceland Press 1993, 2003.<\/li>\n<\/ul>\n<p><b>Editions in English:<\/b><\/p>\n<ul>\n<li>Associate editor of the <i>Encyclopedia of Applied Ethics, <\/i>2<sup>nd<\/sup>. ed. Editor in chief Ruth Chadwick. Elsevier 2012.<\/li>\n<li><i>The Ethics and Governance of Human Genetic Databases. European Perspectives<\/i>. Ed. with M. H\u00e4yry, R. Chadwick, G. \u00c1rnason. Cambridge University Press 2007.<\/li>\n<li><i>Blood &amp; Data. <\/i><i>Ethical, Legal and Social Aspects of Human Genetic Databases<\/i>. Ed. with G. \u00c1rnason, S. Nordal. Reykjav\u00edk: University of Iceland Press 2004.<\/li>\n<li>Guest Editor of Special section: Kant, Habermas and Bioethics, <i>Cambridge Quarterly of Health Care Ethics <\/i>21 (2012:2).<\/li>\n<\/ul>\n<p><b>Articles and book chapters in languages other than Icelandic<\/b>.<\/p>\n<ul>\n<li>\"Bioethics in the Spirit of Kierkegaard\u201c. <em>Kierkegaard and Bioethics<\/em>, Johann-Christian P\u00f6der ed. (Routledge 2023), Chapter 1.<\/li>\n<li>\"<a href=\"https:\/\/onlinelibrary.wiley.com\/doi\/full\/10.1111\/bioe.12826\">In defense of dignity: Reflections on the moral function of human dignity<\/a>\u201c. <em>Bioethics<\/em> 35:1 (2021), 31\u201339.<\/li>\n<li>\u201c<a href=\"https:\/\/onlinelibrary.wiley.com\/doi\/full\/10.1111\/misp.12086\">Moral Culture and the Financial Crisis in Light of the Icelandic Experience<\/a>\u201d, <em>Midwest Studies in Philosophy<\/em> XLII (2018). Co-author Salv\u00f6r Nordal. DOI: 10.1111\/misp.12086.\u201cHave Icelanders Learned Their Lesson? The Investigation of the Icelandic Collapse and its Aftermath\u201d, <em>The Return of Trust? Institutions and the Public after the Icelandic Financial Crisis<\/em>, Throstur Olaf Sigurjonsson, David L. Schwarzkopf, Murray Bryant, eds. (Emerald 2018), 173\u2013193.<\/li>\n<li>\u201c<a href=\"http:\/\/www.irpa.is\/article\/view\/a.2018.14.1.2\">Icelandic politics in light of normative models of democracy<\/a>\u201c, <em>Stj\u00f3rnm\u00e1l og stj\u00f3rns\u00fdsla.<\/em> Special edition (May 31 2018), 35\u201360.<\/li>\n<li>\u201cBiological or Democratic Citizenship\u201d, <em><a href=\"https:\/\/link.springer.com\/book\/10.1007\/978-3-319-66249-7\">Bioethics and Biopolitics<\/a><\/em><em>, <\/em>P\u00e9ter Kakuk ed. (Dordrecht: Springer 2017), 31\u201245.<\/li>\n<li>\u201cResponsible Return. Consent for Feedback from Biobanks Research\u201d, <em>Ethics and Oncology. New Issues of Therapy, care, and Research<\/em>, Monika Bobbert, Beate Herrmann, Wolfgang U. Eckart, eds. (Freiburg: Verlag Karl Aber 2017), 154\u2013167.<\/li>\n<li>\"The Danger of Losing Oneself. Habermas\u2019s Species Ethics in Light of Kierkegaards\u2019s Existential Analysis\", <em>Kierkegaard\u2019s Existential Approach,<\/em>\u00a0Arne Gr\u00f8n, Ren\u00e9 Rosfort, Brian K. S\u00f6derquist eds. (Berlin: De Gruyter 2017), 217\u2013238.<\/li>\n<li>\"A Man of Polemics and Principles: The Reception of Magn\u00fas Eir\u00edksson in Iceland\", <em>Magn\u00fas Eir\u00edksson. A Forgotten Contemporary of Kierkegaard<\/em>, Gerhard Schreiber og Jon Stewart eds. (Copenhagen: Museum Tusculanum Press 2017), 325\u2012345. Co-author\u00a0J\u00f3n Bragi P\u00e1lsson.<\/li>\n<li>\"Democratic practices, governance, and the financial crash\", <em>Icelands\u2018s Financial Crisis. The politics of blame, protest, and reconstruction<\/em>. Valur Ingimundarson, Philippe Urfalino og Irma Erlingsd\u00f3ttir, eds. (Routledge 2016), 121\u2012139.<br \/>\n\u201eBioethics in Iceland. Recent Developments\u201c, <em>Cambridge Quarterly of Health Care Ethics <\/em>25 (2016:3), 421\u2013434.<\/li>\n<li>\"<a href=\"http:\/\/uni.hi.is\/vilhjarn\/files\/2016\/04\/2016-CQ-A\u0301rnason-Hjo\u0308rleifsson.pdf\">The Person in a State of Sickness<\/a>\". <i>Cambridge Quarterly of Health Care Ethics<\/i> 25 (2015:2), 209\u201318. Co-author Stef\u00e1n Hj\u00f6rleifsson.<\/li>\n<li>\u201d<a href=\"http:\/\/uni.hi.is\/vilhjarn\/files\/2015\/10\/Towards-Critical-Bioethics.pdf\">Towards Critical Bioethics<\/a>\u201d. <i>Cambridge Quarterly of Health Care Ethics<\/i> 24 (2015:2), 154\u2013164.<\/li>\n<li>\u201dSomething Rotten in the State of Iceland. \u201cThe Production of Truth\u201d about the Icelandic banks\u201d. In:<i> <a href=\"http:\/\/www.upcolorado.com\/excerpts\/9781607323358.pdf\">Gambling Debt: Iceland\u2019s Rise and Fall in the Global Economy<\/a><\/i>, G\u00edsli P\u00e1lsson og Paul Durrenberger<i> <\/i>eds. (Boulder: University Press of Colorado 2015), 47\u201359.<\/li>\n<li>\u201c<a href=\"http:\/\/uni.hi.is\/vilhjarn\/files\/2016\/04\/Habermas_Theoretical_Med.pdf\">From species ethics to social concerns: Habermas\u2019s critique of \u201cliberal eugenics\u201d evaluated<\/a>\u201d, <i>Theoretical Medicine and Bioethics <\/i>35 (2014:5), 353\u2013367.<\/li>\n<li>\u201cFinancial Collapse and Democratic Reconstruction in Iceland\u201c. <i>Retrenchment or renewal? Welfare states in times of economic crisis<\/i><i>. <\/i>G. J\u00f3nsson and K. Stef\u00e1nsson, eds<i>.<\/i> University of Helsinki, NORDWEL Series 2013), Chapter 18.<\/li>\n<li>\u201c<a href=\"http:\/\/uni.hi.is\/vilhjarn\/files\/2014\/01\/Scientific-Citizenship.pdf\">Scientific Citizenship in a Democratic Society<\/a>\u201d, <i>Public Understanding of Science<\/i> 22 (2013: 8), 927\u2013940 (online publication July 24 2012).<\/li>\n<li>\u201cIceland\u201d, <i>Handbook of Global Bioethics<\/i><i>,<\/i> H.A.M.J. ten Have, B. Gordijn (eds.) (Springer Verlag 2013), 1141\u20131164.<\/li>\n<li>\u201cPatientenautonomie, Humangenetik und Biopolitik\u201d. Transl. Felix Koch. Claudia Wiesemann, Alfred Simon (Hrsg.), <i>Patientenautonomie<\/i> (M\u00fcnster: mentis 2013), 275\u2013286.<\/li>\n<li>\u201cTo Model a New Way of Democracy. The Case of National Forums in Iceland\u201d. In: M. B\u00f6ss, J. M\u00f8ller, and S.-E. Skaaning (eds). <i>Developing Democracies:<\/i><i> <\/i><i>Democracy, Democratization, and Development<\/i> (Aarhus University Press), pp. 203-216.<\/li>\n<li>\u201c<a href=\"http:\/\/uni.hi.is\/vilhjarn\/files\/2015\/02\/The-Personal-is-Political.pdf\">The Personal is Political: Ethics and Personalized medicine<\/a>\u201c, <i>Ethical Perspectives<\/i> 19 (2012:1), 103\u2013122.<\/li>\n<li>\u201cGuest Editorial: Bioethics and the Conditions for Human Agency\u201d, <i>Cambridge Quarterly of Health Care Ethics <\/i>21 (2012:2), 150\u2013153.<\/li>\n<li>\u201cCracks beneath Iceland\u2018s banking meltdown\u201c. <i>Compliance Monitor<\/i> (October 2011), 22\u201324.<\/li>\n<li>\u201c<a href=\"http:\/\/uni.hi.is\/vilhjarn\/files\/2015\/02\/Public_and_private.pdf\">Database Research: Public and Private Interests<\/a>\u201d, <i>Cambridge Quarterly of Health Care Ethics <\/i>20 (2011:4), 563\u2013571.<\/li>\n<li>\u201cInformed Consent\u201d, The SAGE Handbook of <i>Health Care Ethics: Core and Emerging Issues<\/i>, Ruth Chadwick, Henk ten Have, Eric Meslin, eds. Co-authors Hongwen Li and Yali Cong (London: Sage Publications 2011), 106\u2013\u00ad116..<\/li>\n<li>\u201c<a href=\"http:\/\/uni.hi.is\/vilhjarn\/files\/2015\/02\/Nonconfrontational_rationality.pdf\">Nonconfrontational Rationality or Critical Reasoning<\/a>\u201c, <i>Cambridge Quarterly of Health Care Ethics <\/i>20 (2011:2), 228\u2013237.<\/li>\n<li>\u201c<a href=\"http:\/\/uni.hi.is\/vilhjarn\/files\/2015\/02\/Bioethical-concepts.pdf\">Bioethical concepts in theory and practice: An exploratory study of prenatal screening in Iceland<\/a>\u201d, <i>Medicine, Health Care and Philosophy<\/i> 14 (2011:1), 53\u2013\u00ad61. Co-author Helga Gottfre\u00f0sd\u00f3ttir.<\/li>\n<li>\u201cMy Philosophy of Medicine\u201c<i>, Philosophy of Medicine. 5 Questions,<\/i> eds.<b> <\/b>Jan Kyrre Berg Olsen, Peter Rossell, Michael Slott Norup &amp; Stig Andur Pedersen. Automatic Press, in press 2011, 1\u2013\u00ad17<b>.<\/b><\/li>\n<li>\u201dBioethics in Iceland\u201c, <i>Cambridge Quarterly of Health Care Ethics<\/i>19 (2010:3), 299\u2013309.<\/li>\n<li>\u201c<a href=\"http:\/\/uni.hi.is\/vilhjarn\/files\/2015\/02\/Arnason-Etikk_i_Praksis.pdf\">Moral analysis of an economic collapse \u2013 an exercise in practical ethics<\/a>\u201d. <i>Etikk i praksis. Nordic Journal of Applied<\/i> <i>Ethics<\/i> (2010), 4 (1), 101\u2013123.<\/li>\n<li>\u201e<a href=\"http:\/\/uni.hi.is\/vilhjarn\/files\/2016\/04\/Gripla-Arnason.pdf\">An Ethos in Transformation: Conflicting Values in the Sagas<\/a>\u201c, <i>Gripla <\/i>XX (2009), 217\u2212240.<\/li>\n<li>\u201cScientific citizenship, benefit, and protection in population based research\u201c, <i>Ethics of research biobanking, <\/i>eds.<i> <\/i>Jan Helge Solbakk, S\u00f6ren Holm, Bj\u00f6rn Hoffman. Springer Verlag 2009, 131\u2212141.<\/li>\n<li>\u201cJustice or Solidarity? Thinking about Nordic Prioritization in Light of Rawls\u201c, <i>Cutting Through the Surface: Philosophical Approaches to Bioethics<\/i>, eds. S\u00f8ren Holm, Peter Herissone-Kelly and Tuija Takala (Amsterdam: Rodopi, 2009), 99\u2013110.<\/li>\n<li>\u201cIceland: \u201dNeglect and misunderstanding\u201d. The Reception of Kierkegaard in Iceland\u201c, <i>Kierkegaard\u2019s International Reception<\/i>. Tome I: Northern and Western Europe. Ed. Jon Stewart. Ashgate 2009, 219\u2013234.<\/li>\n<li>\u201c<a href=\"http:\/\/uni.hi.is\/vilhjarn\/files\/2015\/02\/Decoding-genetics-debate.pdf\">Decoding the genetics debate: hype and hope in Icelandic news media 2000 and 2004<\/a>\u201c. <i>New<\/i> <i>Genetics and Society<\/i> 27 (2008:4), 377\u2013394. Co-authors Stef\u00e1n Hj\u00f6rleifsson og Edvin Schei.<\/li>\n<li>\u201cPopulation Databanks and Democracy in Light of the Icelandic Experience\u201c. <i>Genetic Democracy<\/i>. <i>Philosophical Perspectives<\/i>. eds. Veiko Launis og Juha R\u00e4ikk\u00e4. Springer Verlag 2008), 93\u2013104. Co-author Stef\u00e1n Hj\u00f6rleifsson.<\/li>\n<li>\u201cBiopolitics in a Democratic Society.\u201c <i>Bioethics, Politics and Business<\/i>. TemaNord 2008:570, 15\u201326.<\/li>\n<li>\u201cGlobal Principles and Local Context \u2013 A Challenge of Globalization.\u201c <i>Globalizierung\/Globalization<\/i>, eds. Martina Keitsch, Bernd Neumann, Audun \u00d6fsti. (Aachen: Shaker Verlag 2008), 67\u201378.<\/li>\n<li>\u201c<a href=\"http:\/\/uni.hi.is\/vilhjarn\/files\/2015\/02\/Geneticization.pdf\">Geneticization and bioethics: advancing debate and research<\/a>\u201c. <i>Medicine, Health Care and Philosophy<\/i> 10 (2007:4), 417\u2013431. Co-author Stef\u00e1n Hj\u00f6rleifsson.<\/li>\n<li>\u201cIntroduction: some lessons of ELSAGEN\u201c and \u201eIntroduction: ethical<\/li>\n<li>questions\u201c. <i>The Ethics and Goverance of Human Genetic Databases. European Perspectives<\/i>. Eds. Matti H\u00e4yry, Ruth Chadwick, Vilhj\u00e1lmur \u00c1rnason, Gar\u00f0ar \u00c1rnason (Cambridge: Cambridge University Press 2007), 1\u20137 og 149.<\/li>\n<li>\u201cInformed consent and human genetic database research\u201c. <i>The Ethics and Goverance of Human Genetic Databases. European Perspectives<\/i>. Eds. Matti H\u00e4yry, Ruth Chadwick, Vilhj\u00e1lmur \u00c1rnason, Gar\u00f0ar \u00c1rnason (Cambridge: Cambridge University Press 2007), 199\u2013216. Co-author Sigur\u00f0ur Kristinsson.<\/li>\n<li>\u201c<a href=\"http:\/\/uni.hi.is\/vilhjarn\/files\/2015\/02\/The-global-and-the-local.pdf\">The Global and the Local. Fruitful Tension in Medical Ethics<\/a>\u201c. <i>Ethik in der Medizin<\/i> 18 (2006), 385\u2013389.<\/li>\n<li>\u201cThe Ethics of Genetics and Medical Information\u201c, <i>Nordiska Styrka \u2013 perspekitiv till samarbete inom forskningen<\/i>, eds. L. Hakamies-Blomqvist, E.K. Rydberg., M.M. Nilsen (Oslo: NordForsk 2006), 14\u201317.<\/li>\n<li>\u201cThe Ethics of Embryo Design\u201d, <i>PGD and Embryo Selection<\/i>. Ed,. Ingileif J\u00f3nsd\u00f3ttir. Tema Nord (2005:591), 28\u201338.<\/li>\n<li>\u201c<a href=\"http:\/\/uni.hi.is\/vilhjarn\/files\/2015\/02\/Sensible_discussion.pdf\">Sensible Discussion in Bioethics: Reflections on Interdisciplinary Research<\/a>\u201d, <i>Cambridge Quarterly of Health Care Ethics<\/i>14 (2005:3), 322\u2013328.<\/li>\n<li>\u201cDiscourse in Context\u201c, <i>Morality in Context<\/i>, W. Edelstein og Gertrud Nunner-Winkler eds. (Elsevier 2005), 143\u2013161.<\/li>\n<li><i><a href=\"http:\/\/uni.hi.is\/vilhjarn\/files\/2015\/02\/Ethical_Issues_in_Fisheries.pdf\">Ethical issues in Fisheries<\/a><\/i>. FAO Ethics Series 4. Rome: FAO 2005. Co-authors Devin Bartley, Serge Garcia, R\u00f3bert H. Haraldsson, Dagfinnur Sveinbj\u00f6rnsson og Hiromoto Watanabe.<\/li>\n<li>\u201c\u00c9tica y sanidad: Dignidad y di\u00e1logo en la relac\u00edon asistencial\u201c, <i>Revista Laguna<\/i> 2004, 14, Servicio de Publicaciones Universidad de la Laguna, 23\u201335.<\/li>\n<li>\u201cInformed, Democratic Consent? The Case of the Icelandic Database.\u201c <i>Trames<\/i> 2004, 8, Estonian Academy of Sciences and the University of Tartu, 164\u2013177. Co-author Gar\u00f0ar \u00c1rnason.<\/li>\n<li>\u201c<a href=\"http:\/\/uni.hi.is\/vilhjarn\/files\/2015\/02\/Coding-and-Consent.pdf\">Coding and Consent. Moral Challenges of the Database Project in Iceland<\/a>\u201d, <i>Bioethics<\/i> 18 (2004:1), 39\u201361. Reprinted in R. Chadwick, H. Kuhse, W.A.Landman, U. Schlenk, P. Singer, eds. <i>The Bioethics Reader. Editor\u2019s Choice<\/i>, eds. (Blackwell Publishing 2007), 365\u2013386. Selection of articles at 25<sup>th<\/sup> anniversary of the journal.<\/li>\n<li>Review<b>: <\/b>\u201cRobert J. Dostal (ed.), <i>The Cambridge Companion to Gadamer<\/i>.\u201c <i>The Philosophical Quarterly<\/i> 54 (2004), 634\u2013637.<\/li>\n<li>\u201cTowards a Better Life: The Possibility of Universal Discourse Ethics\u201c, <i>Universal Ethics. Perspectives and Proposals from Scandinavian Scholars<\/i>, eds. G. Bexell og D.E. Anderson (Kluwer 2002), 15\u201322.<\/li>\n<li>\u201c<a href=\"http:\/\/uni.hi.is\/vilhjarn\/files\/2015\/02\/Teaching.Bioeth.pdf\">Education in bioethics in Iceland<\/a>\u201c, <i>Teaching Bioethics. Report from a seminar<\/i> (Nord 2002:2), 73\u201389.<\/li>\n<li>\u201cCommunity Consent, Democracy and Public Dialogue: The Case of the Icelandic Health Sector Database\u201c. \u201eBioethics, Biotechnology and the Public\u201c, ed. Agnes Allansd\u00f3ttir, <i>Politeia. Rivista di Etica e Scelte Pubbliche<\/i> (N. 63 2001), 105\u2013116. Co-author Gar\u00f0ar \u00c1rnason.<\/li>\n<li>\u201c<a href=\"http:\/\/uni.hi.is\/vilhjarn\/files\/2015\/02\/Universal-principles.pdf\">Universal Principles in Particular Contexts<\/a>\u201c, <i>Medicine, Health Care and Philosophy<\/i> 4 (2001:2), 237\u2013240.<\/li>\n<li>\u201c<a href=\"http:\/\/uni.hi.is\/vilhjarn\/files\/2015\/02\/Response-to-Widdershoven.pdf\">Experience or Authority? A response to Widdershoven<\/a>\u201c, <i>Medicine, Health Care and Philosophy<\/i> 3 (2000:2), 191\u2013193.<\/li>\n<li>\u201c<a href=\"http:\/\/uni.hi.is\/vilhjarn\/files\/2015\/02\/Gadamerian-dialogue.pdf\">Gadamerian dialogue in the patient-professional interaction.<\/a>\u201c <i>Medicine, Health Care and Philosophy<\/i> 3 (2000:1), 17\u201323.<\/li>\n<li>\u201cDiskurs im Kontext\u201c, \u00fe\u00fd\u00f0. Wolfgang Edelstein. <i>Moral im sozialen Kontext<\/i>, eds. W. Edelstein og G. Nunner-Winkler (Frankfurt: Suhrkamp 2000), 149\u2013172.<\/li>\n<li>\u201cKant, Mill and Consumer Autonomy: a response to R.S. Downie\u201c, <i>Ends and Means<\/i> 3 (1999:3), 15\u201316.<\/li>\n<li>\u201cThe Patient-Professional Interaction\u201c, <i>Research on Violence, Threats and Bullying as Health Risks Among Health Care Personnel.<\/i> Proceedings from the Workshop for Nordic researchers in Reykjav\u00edk, 14\u201316 August 1994. Tema Nord 1995:583.<\/li>\n<li>\u201cKommunikasjonens moralske intensjoner i omsorgen ved livets slut\u201c, <i>Omsorg. <\/i><i>Nordisk Tidsskrift for Palliativ Medisin<\/i> 11 (nr. 4, 1994), 37\u201342.<\/li>\n<li>\u201c<a href=\"http:\/\/uni.hi.is\/vilhjarn\/files\/2015\/02\/Authentic.conversations.pdf\">Towards Authentic Conversations. Authenticity in the Patient-Professional Relationship<\/a>\u201c. <i>Theoretical Medicine <\/i>15 (1994), 227\u2013242.<\/li>\n<li>\u201cFor barnets skyld\u201c. <i>Nordisk Utveckling<\/i> 95 (1993:1), 12\u201313.<\/li>\n<li>\u201c<a href=\"http:\/\/uni.hi.is\/vilhjarn\/files\/2015\/02\/Arnason_Sagas.JEGP_.pdf\">Morality and Social Structure in the Icelandic Sagas<\/a>\u201c. <i>Journal of English and Germanic Philology<\/i> 90 (April 1991), 157\u2013174.<\/li>\n<li>\u201cMorality in the Sagas\u201c. <i>Prism.<\/i> A Publication of the Division of Humanities, Pacific Lutheran University 2 (1989:2), 1 og 8\u201311.<\/li>\n<li>\u201cThe Discourse of Freedom.\u201c <i>Rechtstheorie:<\/i> Zeitschrift fur Logik, Methodenlehre, Kybernetik und Soziologie des Rechts 19 (1988:4), 491\u2013501.<\/li>\n<li>\u201cMorality and Humanity.\u201c <i>The Journal of Value Inquiry<\/i>, Vol. XXII (1988), 3\u201322.<i> <\/i><\/li>\n<li>\u201cMoralen och den m\u00e4nskliga naturen\u201c, <i>Ajatus<\/i> 44 Suominen Filosofisen Yhdistyksen vuosikirja (\u00e1rsriti finnska heimspekif\u00e9lagsins 1987), 18\u201337.<\/li>\n<li>\"Social Values and the Sick Child.\" <i>Sjuka barn i samhallet. <\/i> Kongressreferat (Vasa lans Cancerforening 1986), 24\u201339<\/li>\n<li><i>The Context of Morality and the Question of Ethics. From Naive Existentialism to Suspicious Hermeneutics.<\/i> Ph.D. Thesis. Purdue University, University Microfims, Ann Arbor.<\/li>\n<li>Review: \u201cFrancis Jeanson\u00b4s <i>Sartre and the Problem of Morality<\/i>.\u201c<i>Eros<\/i> 8(1981:1), 136\u2013142.<\/li>\n<li>\u201cThe Wild Duck: An Existential Interpretation.\u201c <i>Eros: Journal of Philosophy and the Literary Arts<\/i> 7 (1980:1), 33\u201347.<\/li>\n<\/ul>\n<p><\/p>","protected":false},"excerpt":{"rendered":"<p>Books: The Moral Perspective. Reflections on Ethics and Practice. English translation by Barbara B. Nelson. Reykjavik: University of Iceland Press 2018. Rabba\u00f0 um ve\u00f0ri\u00f0 og fleiri heimspekileg hugt\u00f6k. (Essys on the weather and other philosophical concepts). Reykjavik: University of Iceland Press 2015. Hugsm\u00ed\u00f0ar. Um si\u00f0fer\u00f0i, stj\u00f3rnm\u00e1l og samf\u00e9lag (Reconstructions. Essays on morality, politics and society). [&hellip;]<\/p>\n","protected":false},"author":932,"featured_media":0,"parent":0,"menu_order":0,"comment_status":"closed","ping_status":"closed","template":"","meta":{"footnotes":""},"class_list":["post-4","page","type-page","status-publish","hentry"],"_links":{"self":[{"href":"https:\/\/uni.hi.is\/vilhjarn\/en\/wp-json\/wp\/v2\/pages\/4","targetHints":{"allow":["GET"]}}],"collection":[{"href":"https:\/\/uni.hi.is\/vilhjarn\/en\/wp-json\/wp\/v2\/pages"}],"about":[{"href":"https:\/\/uni.hi.is\/vilhjarn\/en\/wp-json\/wp\/v2\/types\/page"}],"author":[{"embeddable":true,"href":"https:\/\/uni.hi.is\/vilhjarn\/en\/wp-json\/wp\/v2\/users\/932"}],"replies":[{"embeddable":true,"href":"https:\/\/uni.hi.is\/vilhjarn\/en\/wp-json\/wp\/v2\/comments?post=4"}],"version-history":[{"count":68,"href":"https:\/\/uni.hi.is\/vilhjarn\/en\/wp-json\/wp\/v2\/pages\/4\/revisions"}],"predecessor-version":[{"id":47,"href":"https:\/\/uni.hi.is\/vilhjarn\/en\/wp-json\/wp\/v2\/pages\/4\/revisions\/47"}],"wp:attachment":[{"href":"https:\/\/uni.hi.is\/vilhjarn\/en\/wp-json\/wp\/v2\/media?parent=4"}],"curies":[{"name":"wp","href":"https:\/\/api.w.org\/{rel}","templated":true}]}}