{"id":39,"date":"2014-01-14T15:19:12","date_gmt":"2014-01-14T15:19:12","guid":{"rendered":"http:\/\/uni.hi.is\/vilhjarn\/?page_id=39"},"modified":"2023-03-17T11:05:29","modified_gmt":"2023-03-17T11:05:29","slug":"curriculum-vitae","status":"publish","type":"page","link":"https:\/\/uni.hi.is\/vilhjarn\/","title":{"rendered":"Ferilskr\u00e1"},"content":{"rendered":"<p>Vilhj\u00e1lmur \u00c1rnason f\u00e6ddur \u00ed Neskaupsta\u00f0 1953. Pr\u00f3fessor emeritus \u00ed heimspeki, H\u00e1sk\u00f3la \u00cdslands<\/p>\n<p><b>H\u00e1sk\u00f3lan\u00e1m<\/b><\/p>\n<ul>\n<li>1978\u20131982. Purdue University, West Lafayette, IN, USA.\n<ul>\n<li><span style=\"line-height: 1.5em\">Ph.D. og M.A. \u00ed heimspeki.<\/span><\/li>\n<\/ul>\n<\/li>\n<\/ul>\n<ul>\n<li>1973\u20131978. H\u00e1sk\u00f3li \u00cdslands\n<ul>\n<li><span style=\"line-height: 1.5em\">Kennslur\u00e9ttindi \u00ed heimspeki og almennri b\u00f3kmenntas\u00f6gu, F\u00e9lagsv\u00edsindadeild.<\/span><\/li>\n<li><span style=\"line-height: 1.5em\">B.A. \u00ed heimspeki og almennri b\u00f3kmenntas\u00f6gu, Heimspekideild.<\/span><\/li>\n<\/ul>\n<\/li>\n<\/ul>\n<p><b>Helstu st\u00f6rf:<\/b><\/p>\n<ul>\n<li>Pr\u00f3fessor II (20%). Institutt for Byggfag. H\u00f8gskulen p\u00e5 Vestlandet, Bergen fr\u00e1 desember 2022.<\/li>\n<li>Forma\u00f0ur stj\u00f3rnar Si\u00f0fr\u00e6\u00f0istofnunar H\u00e1sk\u00f3la \u00cdslands 1997\u2013jan\u00faar 2023.<\/li>\n<li>Pr\u00f3fessor \u00ed heimspeki vi\u00f0 Deild heimspeki, sagnfr\u00e6\u00f0i og fornleifafr\u00e6\u00f0i, Hugv\u00edsindasvi\u00f0i H\u00e1sk\u00f3la \u00cdslands 1996\u2013jan\u00faar 2023<\/li>\n<li>N\u00e1msbrautarforma\u00f0ur \u00ed heimspeki 2015\u20132016.<\/li>\n<li>Forma\u00f0ur vinnuh\u00f3ps um si\u00f0fer\u00f0i og starfsh\u00e6tti \u00ed tengslum vi\u00f0 Ranns\u00f3knarnefnd Al\u00feingis 2009\u20132010.<\/li>\n<li>Skorarforma\u00f0ur \u00ed heimspeki 2007\u20132008; 1996\u20131997.<\/li>\n<li>Deildarforseti heimspekideildar 2000\u20132002.<\/li>\n<li>D\u00f3sent \u00ed heimspeki vi\u00f0 heimspekideild H\u00e1sk\u00f3la \u00cdslands 1991\u20131996<\/li>\n<li>Lektor \u00ed heimspeki vi\u00f0 heimspekideild H\u00e1sk\u00f3la \u00cdslands 1990\u20131991<\/li>\n<li>Gistikennari vi\u00f0 Pacific Lutheran University 1988\u22121989<\/li>\n<li>Stundakennari \u00ed heimspeki 1983\u20131988<\/li>\n<li>Forma\u00f0ur Si\u00f0ar\u00e1\u00f0s Landl\u00e6knis 1998\u20132000. \u00cd stj\u00f3rn fr\u00e1 1993<\/li>\n<li>Forma\u00f0ur heimspekiskorar 1996\u20131997.<\/li>\n<li>Starfsma\u00f0ur Framkv\u00e6mdanefndar um framt\u00ed\u00f0ark\u00f6nnun \u00e1 vegum fors\u00e6tisr\u00e1\u00f0herra 1985\u20131987.<\/li>\n<\/ul>\n<p><b>\u00d6nnur akadem\u00edsk st\u00f6rf:<\/b><\/p>\n<ul>\n<li>Einn af sex me\u00f0ritstj\u00f3rum (associate editors) endur\u00fatg\u00e1fu \u00e1 <i>Encyclopedia of Applied Ethics<\/i> undir ritstj\u00f3rn Ruth Chadwick 2008\u20132011. Elsevier 2012.<\/li>\n<li>Gestaritstj\u00f3ri: Special section: Kant, Habermas and Bioethics, <i>Cambridge Quarterly of Health Care Ethics <\/i>21 (v\u00e6ntanlegt 2012).<\/li>\n<li>Ritstj\u00f3ri L\u00e6rd\u00f3msrita Hins \u00edslenska b\u00f3kmenntaf\u00e9lags 1997\u20132003.<\/li>\n<li>Ritstj\u00f3ri <i>Sk\u00edrnis.<\/i> T\u00edmarits Hins \u00edslenzka b\u00f3kmenntaf\u00e9lags 1987\u20131994.<\/li>\n<li>\u00cd ritnefnd<i> Medicine, Health Care and Philosophy<\/i> fr\u00e1 1999.<\/li>\n<li>\u00cd ritnefnd<i> Genomics, Society and Policy<\/i> fr\u00e1 2005.<\/li>\n<li>\u00cd ritnefnd <i>Etikk i praksis<\/i> fr\u00e1 2007.<\/li>\n<li>Fulltr\u00fai hugv\u00edsindasvi\u00f0s \u00ed H\u00e1sk\u00f3lar\u00e1\u00f0i H\u00e1sk\u00f3la \u00cdslands fr\u00e1 2004\u20132006.<\/li>\n<li>\u00cd st\u00f3rn European Society for Philosophy of Medicine and Health Care 2004\u20132010.<\/li>\n<li>\u00cd stj\u00f3rn Nordisk kommit\u00e9 f\u00f6r bioetik fr\u00e1 2004\u20132010. Forma\u00f0ur 2007.<\/li>\n<li>\u00cd stj\u00f3rn International Association of Bioethics (IAB) fr\u00e1 2012.<\/li>\n<\/ul>\n<p><b>Helstu n\u00e1ms- og ranns\u00f3knarstyrkir<\/b><\/p>\n<ul>\n<li>1978 N\u00e1msstyrkur fr\u00e1 Thor Thors Foundation<\/li>\n<li>1978\u20131982 N\u00e1msfararstyrkur fr\u00e1 Fulbright Foundation<\/li>\n<li>1981\u20131982 Ranns\u00f3knarstyrkur fr\u00e1 David Ross Foundation, Purdue University<\/li>\n<li>1983\u20131984 Ranns\u00f3knarstyrkur V\u00edsindasj\u00f3\u00f0s: Si\u00f0fer\u00f0i \u00cdslendingasagna<\/li>\n<li>1989\u20131991 Ranns\u00f3knarstyrkur V\u00edsindasj\u00f3\u00f0s: Si\u00f0fr\u00e6\u00f0i l\u00edfs og dau\u00f0a<\/li>\n<li>1993 Styrk\u00feegi Alexander von Humboldt Stiftung, Bonn. Dvali\u00f0 \u00ed Berl\u00edn.<\/li>\n<li>2002\u20132004 Ranns\u00f3knarstyrkur \u00far 5. ranns\u00f3knar\u00e1\u00e6tlunar Evr\u00f3pur\u00e1\u00f0sins. ELSAGEN.<\/li>\n<li>2002\u20132006 Ranns\u00f3knarnetstyrkur fr\u00e1 NorFA\/NordForsk: Human genetic databases<\/li>\n<li>2002, 04, 05 Styrkir \u00far Kristnih\u00e1t\u00ed\u00f0arsj\u00f3\u00f0i<\/li>\n<li>2003, 2005 Ranns\u00f3knarstyrkir Rann\u00eds: Gagnagrunnar \u00e1 heilbrig\u00f0issvi\u00f0i<\/li>\n<li>2006 Visiting fellowship, Clare Hall, Cambridge University.<\/li>\n<li>2010 Research fellow. Fondation Brocher. Genf<\/li>\n<li>2103 Ranns\u00f3knarstyrkur Rann\u00eds: \u00cdslenskt l\u00fd\u00f0r\u00e6\u00f0i<\/li>\n<li>2013 Gjesteforsker. Filosofisk Institutt, Universitetet i Bergen<\/li>\n<li>2017 Gistifr\u00e6\u00f0ima\u00f0ur vi\u00f0 Universit\u00e0 degli Studi di Siena<\/li>\n<li>2021\u00a0 Gistifr\u00e6\u00f0ima\u00f0ur vi\u00f0 \/8Institutt for Global Helse og Samfunnsmedisin, Universitetet i Bergen.<\/li>\n<\/ul>\n<p><b>Vi\u00f0urkenningar:<\/b><\/p>\n<ul>\n<li>Vi\u00f0urkenning fyrir lofsvert framlag til ranns\u00f3kna vi\u00f0 H\u00e1sk\u00f3la \u00cdslands. H\u00e1t\u00ed\u00f0asal H.\u00cd. 29. n\u00f3v. 2017.<\/li>\n<li>\u00cd valnefnd Nils Klim ver\u00f0launanna \u00e1 vegum Holberg Prisen, H\u00e1sk\u00f3lanum \u00ed Bergen fr\u00e1 2013\u20122018.<\/li>\n<li>Ranns\u00f3knarstyrk\u00feegi: Fondation Brocher 2010.<\/li>\n<li>B\u00f3kin <i>Fars\u00e6lt l\u00edf, r\u00e9ttl\u00e1tt samf\u00e9lag. Kenningar \u00ed si\u00f0fr\u00e6\u00f0i<\/i> tilnefnd til Hinna \u00edslensku b\u00f3kmenntaver\u00f0launa 2008 og til ver\u00f0launa Hag\u00feenkis, f\u00e9lags h\u00f6funda fr\u00e6\u00f0irita og kennslugagna, fyrir mikilsver\u00f0 fr\u00e6\u00f0ast\u00f6rf 2008.<\/li>\n<li>Kj\u00f6rinn Life member \u00e1 Clare Hall, Cambridge 2007.<\/li>\n<li>Verkefni mitt og \u00c1str\u00ed\u00f0ar Stef\u00e1nsd\u00f3ttur \u201eSj\u00e1lfr\u00e6\u00f0i og aldra\u00f0ir\u201c hlaut 2.\u20133. ver\u00f0laun \u00ed hugmyndasamkeppninni \u201eUpp \u00far sk\u00faffunum\u201c 2003.<\/li>\n<li>Kj\u00f6rinn f\u00e9lagi \u00ed V\u00edsindaf\u00e9lagi \u00cdslendinga 2000.<\/li>\n<li>B\u00f3kin <i>Si\u00f0fr\u00e6\u00f0i l\u00edfs og dau\u00f0a<\/i> tilnefnd til b\u00f3kmenntaver\u00f0launa Forseta \u00cdslands 1993 og hlaut vi\u00f0urkenningu Hag\u00feenkis, f\u00e9lags h\u00f6funda fr\u00e6\u00f0irita og kennslugagna, fyrir mikilsver\u00f0 fr\u00e6\u00f0ast\u00f6rf 1993.<\/li>\n<li>Kj\u00f6rinn Alexander von Humboldt f\u00e9lagi 1993.<\/li>\n<\/ul>\n<p><\/p>","protected":false},"excerpt":{"rendered":"<p>Vilhj\u00e1lmur \u00c1rnason f\u00e6ddur \u00ed Neskaupsta\u00f0 1953. Pr\u00f3fessor emeritus \u00ed heimspeki, H\u00e1sk\u00f3la \u00cdslands H\u00e1sk\u00f3lan\u00e1m 1978\u20131982. Purdue University, West Lafayette, IN, USA. Ph.D. og M.A. \u00ed heimspeki. 1973\u20131978. H\u00e1sk\u00f3li \u00cdslands Kennslur\u00e9ttindi \u00ed heimspeki og almennri b\u00f3kmenntas\u00f6gu, F\u00e9lagsv\u00edsindadeild. B.A. \u00ed heimspeki og almennri b\u00f3kmenntas\u00f6gu, Heimspekideild. Helstu st\u00f6rf: Pr\u00f3fessor II (20%). Institutt for Byggfag. H\u00f8gskulen p\u00e5 Vestlandet, Bergen fr\u00e1 [&hellip;]<\/p>\n","protected":false},"author":652,"featured_media":0,"parent":0,"menu_order":0,"comment_status":"closed","ping_status":"closed","template":"","meta":{"footnotes":""},"class_list":["post-39","page","type-page","status-publish","hentry"],"_links":{"self":[{"href":"https:\/\/uni.hi.is\/vilhjarn\/wp-json\/wp\/v2\/pages\/39","targetHints":{"allow":["GET"]}}],"collection":[{"href":"https:\/\/uni.hi.is\/vilhjarn\/wp-json\/wp\/v2\/pages"}],"about":[{"href":"https:\/\/uni.hi.is\/vilhjarn\/wp-json\/wp\/v2\/types\/page"}],"author":[{"embeddable":true,"href":"https:\/\/uni.hi.is\/vilhjarn\/wp-json\/wp\/v2\/users\/652"}],"replies":[{"embeddable":true,"href":"https:\/\/uni.hi.is\/vilhjarn\/wp-json\/wp\/v2\/comments?post=39"}],"version-history":[{"count":27,"href":"https:\/\/uni.hi.is\/vilhjarn\/wp-json\/wp\/v2\/pages\/39\/revisions"}],"predecessor-version":[{"id":247,"href":"https:\/\/uni.hi.is\/vilhjarn\/wp-json\/wp\/v2\/pages\/39\/revisions\/247"}],"wp:attachment":[{"href":"https:\/\/uni.hi.is\/vilhjarn\/wp-json\/wp\/v2\/media?parent=39"}],"curies":[{"name":"wp","href":"https:\/\/api.w.org\/{rel}","templated":true}]}}